{"id":6570,"date":"2024-04-30T15:23:15","date_gmt":"2024-04-30T19:23:15","guid":{"rendered":"https:\/\/legionmagazine.com\/fr\/?page_id=6570"},"modified":"2024-05-01T09:16:26","modified_gmt":"2024-05-01T13:16:26","slug":"clause-de-non-responsabilite","status":"publish","type":"page","link":"https:\/\/legionmagazine.com\/fr\/clause-de-non-responsabilite\/","title":{"rendered":"Clause de non-responsabilit\u00e9"},"content":{"rendered":"\t\t<div data-elementor-type=\"wp-page\" data-elementor-id=\"6570\" class=\"elementor elementor-6570\" data-elementor-post-type=\"page\">\n\t\t\t\t<div class=\"elementor-element elementor-element-d2901bd e-flex e-con-boxed e-con e-parent\" data-id=\"d2901bd\" data-element_type=\"container\">\n\t\t\t\t\t<div class=\"e-con-inner\">\n\t\t\t\t<div class=\"elementor-element elementor-element-a894012 elementor-widget elementor-widget-text-editor\" data-id=\"a894012\" data-element_type=\"widget\" data-widget_type=\"text-editor.default\">\n\t\t\t\t<div class=\"elementor-widget-container\">\n\t\t\t\t\t\t\t<p><strong>Avis de non-responsabilit\u00e9<\/strong><\/p><p><br \/>Canvet Publications Ltd. fait de s\u00e9rieux efforts pour maintenir le site du magazine L\u00e9gion. Malgr\u00e9 tous nos efforts, vous ne devez pas pr\u00e9sumer que ce site est exempt d&#8217;erreurs. Canvet n&#8217;est pas responsable des r\u00e9sultats des d\u00e9fauts pouvant exister dans le site, ni des dommages cons\u00e9cutifs pouvant r\u00e9sulter de l&#8217;utilisation du site ou de ces d\u00e9fauts. Nous ne pouvons pas non plus garantir que le site sera adapt\u00e9 \u00e0 tout usage particulier que vous envisagez. Ce site contient des liens vers d&#8217;autres sites Internet. Canvet s&#8217;est efforc\u00e9 de s&#8217;assurer de la cr\u00e9dibilit\u00e9 et de l&#8217;ad\u00e9quation de ces sites. Cependant, Canvet n&#8217;a aucun contr\u00f4le sur ces sites ou sur les informations qui s&#8217;y trouvent et ne donne donc aucune garantie concernant ces sites et informations quant \u00e0 l&#8217;exactitude, l&#8217;actualit\u00e9, le contenu, la qualit\u00e9 ou toute autre caract\u00e9ristique.<\/p>\t\t\t\t\t\t<\/div>\n\t\t\t\t<\/div>\n\t\t\t\t\t<\/div>\n\t\t\t\t<\/div>\n\t\t\t\t<\/div>\n\t\t","protected":false},"excerpt":{"rendered":"<p>Avis de non-responsabilit\u00e9 Canvet Publications Ltd. fait de s\u00e9rieux efforts pour maintenir le site du magazine L\u00e9gion. Malgr\u00e9 tous nos efforts, vous ne devez pas pr\u00e9sumer que ce site est exempt d&#8217;erreurs. Canvet n&#8217;est pas responsable des r\u00e9sultats des d\u00e9fauts pouvant exister dans le site, ni des dommages cons\u00e9cutifs pouvant r\u00e9sulter de l&#8217;utilisation du site [&hellip;]<\/p>\n","protected":false},"author":1,"featured_media":0,"parent":0,"menu_order":0,"comment_status":"closed","ping_status":"closed","template":"elementor_header_footer","meta":{"footnotes":""},"class_list":["post-6570","page","type-page","status-publish","hentry"],"_links":{"self":[{"href":"https:\/\/legionmagazine.com\/fr\/wp-json\/wp\/v2\/pages\/6570","targetHints":{"allow":["GET"]}}],"collection":[{"href":"https:\/\/legionmagazine.com\/fr\/wp-json\/wp\/v2\/pages"}],"about":[{"href":"https:\/\/legionmagazine.com\/fr\/wp-json\/wp\/v2\/types\/page"}],"author":[{"embeddable":true,"href":"https:\/\/legionmagazine.com\/fr\/wp-json\/wp\/v2\/users\/1"}],"replies":[{"embeddable":true,"href":"https:\/\/legionmagazine.com\/fr\/wp-json\/wp\/v2\/comments?post=6570"}],"version-history":[{"count":0,"href":"https:\/\/legionmagazine.com\/fr\/wp-json\/wp\/v2\/pages\/6570\/revisions"}],"wp:attachment":[{"href":"https:\/\/legionmagazine.com\/fr\/wp-json\/wp\/v2\/media?parent=6570"}],"curies":[{"name":"wp","href":"https:\/\/api.w.org\/{rel}","templated":true}]}}