{"id":6569,"date":"2024-04-30T15:12:17","date_gmt":"2024-04-30T19:12:17","guid":{"rendered":"https:\/\/legionmagazine.com\/fr\/?page_id=6569"},"modified":"2024-05-01T09:23:43","modified_gmt":"2024-05-01T13:23:43","slug":"termes-et-conditions","status":"publish","type":"page","link":"https:\/\/legionmagazine.com\/fr\/termes-et-conditions\/","title":{"rendered":"Termes et conditions"},"content":{"rendered":"\t\t<div data-elementor-type=\"wp-page\" data-elementor-id=\"6569\" class=\"elementor elementor-6569\" data-elementor-post-type=\"page\">\n\t\t\t\t<div class=\"elementor-element elementor-element-07b67e3 e-flex e-con-boxed e-con e-parent\" data-id=\"07b67e3\" data-element_type=\"container\">\n\t\t\t\t\t<div class=\"e-con-inner\">\n\t\t\t\t<div class=\"elementor-element elementor-element-1866682 elementor-widget elementor-widget-text-editor\" data-id=\"1866682\" data-element_type=\"widget\" data-widget_type=\"text-editor.default\">\n\t\t\t\t<div class=\"elementor-widget-container\">\n\t\t\t\t\t\t\t<p><strong>Conditions g\u00e9n\u00e9rales du magazine L\u00e9gion (\u00ab\u00a0Accord\u00a0\u00bb)<\/strong><\/p><p>Cet Accord a \u00e9t\u00e9 modifi\u00e9 pour la derni\u00e8re fois le 17 octobre 2013.<\/p><p>Veuillez lire attentivement ces termes et conditions (\u00ab Accord \u00bb, \u00ab Conditions g\u00e9n\u00e9rales \u00bb) avant d&#8217;utiliser www.legionmagazine.com (\u00ab le Site \u00bb) exploit\u00e9 par Canvet Publications Ltd. (\u00ab nous \u00bb, \u00ab notre \u00bb ou \u00ab notre \u00bb). ). Cet accord \u00e9nonce les termes et conditions juridiquement contraignants pour votre utilisation du site www.legionmagazine.com.<\/p><p>En acc\u00e9dant ou en utilisant le Site de quelque mani\u00e8re que ce soit, y compris, mais sans s&#8217;y limiter, en visitant ou en parcourant le Site ou en contribuant au contenu ou \u00e0 d&#8217;autres \u00e9l\u00e9ments du Site, vous acceptez d&#8217;\u00eatre li\u00e9 par les pr\u00e9sentes Conditions g\u00e9n\u00e9rales. Les termes en majuscules sont d\u00e9finis dans le pr\u00e9sent Accord.<\/p><p><strong>Propri\u00e9t\u00e9 intellectuelle<\/strong><br \/>Le site et son contenu, ses caract\u00e9ristiques et ses fonctionnalit\u00e9s originales sont la propri\u00e9t\u00e9 de Canvet Publications Ltd. et sont prot\u00e9g\u00e9s par les lois internationales sur le droit d&#8217;auteur, les marques de commerce, les brevets, les secrets commerciaux et d&#8217;autres lois sur la propri\u00e9t\u00e9 intellectuelle ou les droits de propri\u00e9t\u00e9.<\/p><p>La reproduction ou la recr\u00e9ation du contenu du site du magazine L\u00e9gion sans l&#8217;autorisation \u00e9crite expresse, en totalit\u00e9 ou en partie, sous quelque forme ou m\u00e9dia que ce soit, est strictement interdite et constitue une violation du droit d&#8217;auteur. Les droits d&#8217;auteur des articles, visuels et autres documents pr\u00e9sent\u00e9s sur ce site appartiennent \u00e0 Canvet Publications Ltd. ou \u00e0 la personne\/organisation cr\u00e9dit\u00e9e.<\/p><p><strong>R\u00e9siliation<\/strong><br \/>Nous pouvons mettre fin \u00e0 votre acc\u00e8s au Site, sans motif ni pr\u00e9avis, ce qui peut entra\u00eener la confiscation et la destruction de toutes les informations vous concernant. Toutes les dispositions du pr\u00e9sent Contrat qui, de par leur nature, devraient survivre \u00e0 la r\u00e9siliation survivront \u00e0 la r\u00e9siliation, y compris, sans limitation, les dispositions sur la propri\u00e9t\u00e9, les exclusions de garantie, l&#8217;indemnisation et les limitations de responsabilit\u00e9.<\/p><p><strong>Liens vers d&#8217;autres sites<\/strong><br \/>Notre site peut contenir des liens vers des sites tiers qui n&#8217;appartiennent pas ou ne sont pas contr\u00f4l\u00e9s par Canvet Publications Ltd. Canvet Publications Ltd. n&#8217;a aucun contr\u00f4le et n&#8217;assume aucune responsabilit\u00e9 quant au contenu, aux politiques de confidentialit\u00e9 ou aux pratiques de tout site tiers ou prestations de service. Nous vous conseillons fortement de lire les termes et conditions et la politique de confidentialit\u00e9 de tout site tiers que vous visitez.<\/p><p><strong>Loi applicable<\/strong><br \/>Le pr\u00e9sent accord (et toutes les autres r\u00e8gles, politiques ou lignes directrices incorpor\u00e9es par r\u00e9f\u00e9rence) seront r\u00e9gis et interpr\u00e9t\u00e9s conform\u00e9ment aux lois de l&#8217;Ontario, au Canada, sans donner effet \u00e0 aucun principe de conflits de lois.<\/p><p><strong>Modifications de cet accord<\/strong><br \/>Nous nous r\u00e9servons le droit, \u00e0 notre seule discr\u00e9tion, de modifier ou de remplacer ces conditions g\u00e9n\u00e9rales en publiant les conditions mises \u00e0 jour sur le site. Votre utilisation continue du site apr\u00e8s de telles modifications constitue votre acceptation des nouvelles conditions g\u00e9n\u00e9rales.<\/p><p>Veuillez consulter p\u00e9riodiquement cet accord pour conna\u00eetre les modifications. Si vous n&#8217;acceptez pas l&#8217;un des points de cet accord ou toute modification apport\u00e9e \u00e0 cet accord, n&#8217;utilisez pas, n&#8217;acc\u00e9dez pas ou ne continuez pas \u00e0 acc\u00e9der au site ou cessez imm\u00e9diatement toute utilisation du site.<\/p><p><strong>Contactez-nous<\/strong><br \/>Si vous avez des questions concernant cet accord, veuillez nous contacter.<\/p>\t\t\t\t\t\t<\/div>\n\t\t\t\t<\/div>\n\t\t\t\t\t<\/div>\n\t\t\t\t<\/div>\n\t\t\t\t<\/div>\n\t\t","protected":false},"excerpt":{"rendered":"<p>Conditions g\u00e9n\u00e9rales du magazine L\u00e9gion (\u00ab\u00a0Accord\u00a0\u00bb) Cet Accord a \u00e9t\u00e9 modifi\u00e9 pour la derni\u00e8re fois le 17 octobre 2013. Veuillez lire attentivement ces termes et conditions (\u00ab Accord \u00bb, \u00ab Conditions g\u00e9n\u00e9rales \u00bb) avant d&#8217;utiliser www.legionmagazine.com (\u00ab le Site \u00bb) exploit\u00e9 par Canvet Publications Ltd. (\u00ab nous \u00bb, \u00ab notre \u00bb ou \u00ab notre \u00bb). [&hellip;]<\/p>\n","protected":false},"author":1,"featured_media":0,"parent":0,"menu_order":0,"comment_status":"closed","ping_status":"closed","template":"elementor_header_footer","meta":{"footnotes":""},"class_list":["post-6569","page","type-page","status-publish","hentry"],"_links":{"self":[{"href":"https:\/\/legionmagazine.com\/fr\/wp-json\/wp\/v2\/pages\/6569","targetHints":{"allow":["GET"]}}],"collection":[{"href":"https:\/\/legionmagazine.com\/fr\/wp-json\/wp\/v2\/pages"}],"about":[{"href":"https:\/\/legionmagazine.com\/fr\/wp-json\/wp\/v2\/types\/page"}],"author":[{"embeddable":true,"href":"https:\/\/legionmagazine.com\/fr\/wp-json\/wp\/v2\/users\/1"}],"replies":[{"embeddable":true,"href":"https:\/\/legionmagazine.com\/fr\/wp-json\/wp\/v2\/comments?post=6569"}],"version-history":[{"count":0,"href":"https:\/\/legionmagazine.com\/fr\/wp-json\/wp\/v2\/pages\/6569\/revisions"}],"wp:attachment":[{"href":"https:\/\/legionmagazine.com\/fr\/wp-json\/wp\/v2\/media?parent=6569"}],"curies":[{"name":"wp","href":"https:\/\/api.w.org\/{rel}","templated":true}]}}