{"id":156,"date":"2008-02-27T15:02:14","date_gmt":"2008-02-27T20:02:14","guid":{"rendered":"http:\/\/28330.vws.magma.ca\/fr\/index.php\/confidentialite\/"},"modified":"2024-05-01T09:23:01","modified_gmt":"2024-05-01T13:23:01","slug":"politique-de-confidentialite","status":"publish","type":"page","link":"https:\/\/legionmagazine.com\/fr\/politique-de-confidentialite\/","title":{"rendered":"politique-de-confidentialite"},"content":{"rendered":"\t\t<div data-elementor-type=\"wp-page\" data-elementor-id=\"156\" class=\"elementor elementor-156\" data-elementor-post-type=\"page\">\n\t\t\t\t<div class=\"elementor-element elementor-element-8e1de8c e-flex e-con-boxed e-con e-parent\" data-id=\"8e1de8c\" data-element_type=\"container\">\n\t\t\t\t\t<div class=\"e-con-inner\">\n\t\t\t\t<div class=\"elementor-element elementor-element-1b41517 elementor-widget elementor-widget-text-editor\" data-id=\"1b41517\" data-element_type=\"widget\" data-widget_type=\"text-editor.default\">\n\t\t\t\t<div class=\"elementor-widget-container\">\n\t\t\t\t\t\t\t<p><span class=\"Y2IQFc\" lang=\"fr\">Les visiteurs de Legionmagazine.com, qui choisissent de fournir leurs informations personnelles \u2013 nom, adresse \u00e9lectronique, code postal, num\u00e9ro de t\u00e9l\u00e9phone ou tout autre d\u00e9tail d&#8217;identification, \u00e0 moins qu&#8217;ils ne soient fournis lors de l&#8217;abonnement \u00e0 Legion Magazine, ne seront utilis\u00e9s que pour communiquer avec le visiteur concernant la Revue L\u00e9gion et les activit\u00e9s associ\u00e9es. Legion Magazine ne vendra ni ne louera ces informations obtenues via le site Web \u00e0 aucune autre organisation et ne divulguera jamais volontairement aucune de ces informations \u00e0 un tiers. Seules les informations personnelles fournies volontairement par les utilisateurs sont collect\u00e9es. <\/span><\/p><p><span class=\"Y2IQFc\" lang=\"fr\">Si vous pr\u00e9f\u00e9rez que vos coordonn\u00e9es soient retir\u00e9es de la liste afin de ne plus recevoir de tels envois, envoyez un courriel \u00e0 info@legionmagazine.com ou \u00e9crivez-nous \u00e0 : <\/span><\/p><p><strong><span class=\"Y2IQFc\" lang=\"fr\">Revue de la L\u00e9gion <\/span><\/strong><\/p><p><strong><span class=\"Y2IQFc\" lang=\"fr\">86 Place Aird <\/span><\/strong><\/p><p><strong><span class=\"Y2IQFc\" lang=\"fr\">Kanata (Ontario) <\/span><\/strong><\/p><p><strong><span class=\"Y2IQFc\" lang=\"fr\">K2L 0A1 <\/span><span class=\"Y2IQFc\" lang=\"fr\">Canada <\/span><\/strong><\/p><p><span class=\"Y2IQFc\" lang=\"fr\">Modifications de notre politique de confidentialit\u00e9 <\/span><\/p><p><span class=\"Y2IQFc\" lang=\"fr\">Si Legion Magazine d\u00e9cide de modifier la politique de confidentialit\u00e9, elle sera publi\u00e9e sur cette page.<\/span><\/p>\t\t\t\t\t\t<\/div>\n\t\t\t\t<\/div>\n\t\t\t\t\t<\/div>\n\t\t\t\t<\/div>\n\t\t\t\t<\/div>\n\t\t","protected":false},"excerpt":{"rendered":"<p>Les visiteurs de Legionmagazine.com, qui choisissent de fournir leurs informations personnelles \u2013 nom, adresse \u00e9lectronique, code postal, num\u00e9ro de t\u00e9l\u00e9phone ou tout autre d\u00e9tail d&#8217;identification, \u00e0 moins qu&#8217;ils ne soient fournis lors de l&#8217;abonnement \u00e0 Legion Magazine, ne seront utilis\u00e9s que pour communiquer avec le visiteur concernant la Revue L\u00e9gion et les activit\u00e9s associ\u00e9es. Legion [&hellip;]<\/p>\n","protected":false},"author":1,"featured_media":0,"parent":0,"menu_order":0,"comment_status":"open","ping_status":"open","template":"elementor_header_footer","meta":{"footnotes":""},"class_list":["post-156","page","type-page","status-publish","hentry"],"_links":{"self":[{"href":"https:\/\/legionmagazine.com\/fr\/wp-json\/wp\/v2\/pages\/156","targetHints":{"allow":["GET"]}}],"collection":[{"href":"https:\/\/legionmagazine.com\/fr\/wp-json\/wp\/v2\/pages"}],"about":[{"href":"https:\/\/legionmagazine.com\/fr\/wp-json\/wp\/v2\/types\/page"}],"author":[{"embeddable":true,"href":"https:\/\/legionmagazine.com\/fr\/wp-json\/wp\/v2\/users\/1"}],"replies":[{"embeddable":true,"href":"https:\/\/legionmagazine.com\/fr\/wp-json\/wp\/v2\/comments?post=156"}],"version-history":[{"count":0,"href":"https:\/\/legionmagazine.com\/fr\/wp-json\/wp\/v2\/pages\/156\/revisions"}],"wp:attachment":[{"href":"https:\/\/legionmagazine.com\/fr\/wp-json\/wp\/v2\/media?parent=156"}],"curies":[{"name":"wp","href":"https:\/\/api.w.org\/{rel}","templated":true}]}}