{"id":155,"date":"2008-02-27T14:57:54","date_gmt":"2008-02-27T19:57:54","guid":{"rendered":"http:\/\/28330.vws.magma.ca\/fr\/index.php\/droits-d\u2019auteur\/"},"modified":"2008-03-27T08:56:39","modified_gmt":"2008-03-27T12:56:39","slug":"droits-dauteur","status":"publish","type":"page","link":"https:\/\/legionmagazine.com\/fr\/droits-dauteur\/","title":{"rendered":"Droits d\u2019auteur"},"content":{"rendered":"<p>La reproduction ou la reconstitution du contenu du site de la revue L\u00e9gion, en entier ou en partie, de n\u2019importe quelle fa\u00e7on et n\u2019importe moyen, violations des droits d\u2019auteur, sont strictement interdites. Les droits d\u2019auteur des articles, images et autre mat\u00e9riel pr\u00e9sent\u00e9s dans ce site appartiennent \u00e0 Canvet Publications Ltd. ou aux particulier ou organisme \u00e0 qui ils sont attribu\u00e9s.<\/p>\n","protected":false},"excerpt":{"rendered":"<p>La reproduction ou la reconstitution du contenu du site de la revue L\u00e9gion, en entier ou en partie, de n\u2019importe quelle fa\u00e7on et n\u2019importe moyen, violations des droits d\u2019auteur, sont strictement interdites. Les droits d\u2019auteur des articles, images et autre mat\u00e9riel pr\u00e9sent\u00e9s dans ce site appartiennent \u00e0 Canvet Publications Ltd. ou aux particulier ou organisme [&hellip;]<\/p>\n","protected":false},"author":1,"featured_media":0,"parent":0,"menu_order":0,"comment_status":"open","ping_status":"open","template":"","meta":{"footnotes":""},"class_list":["post-155","page","type-page","status-publish","hentry"],"_links":{"self":[{"href":"https:\/\/legionmagazine.com\/fr\/wp-json\/wp\/v2\/pages\/155","targetHints":{"allow":["GET"]}}],"collection":[{"href":"https:\/\/legionmagazine.com\/fr\/wp-json\/wp\/v2\/pages"}],"about":[{"href":"https:\/\/legionmagazine.com\/fr\/wp-json\/wp\/v2\/types\/page"}],"author":[{"embeddable":true,"href":"https:\/\/legionmagazine.com\/fr\/wp-json\/wp\/v2\/users\/1"}],"replies":[{"embeddable":true,"href":"https:\/\/legionmagazine.com\/fr\/wp-json\/wp\/v2\/comments?post=155"}],"version-history":[{"count":0,"href":"https:\/\/legionmagazine.com\/fr\/wp-json\/wp\/v2\/pages\/155\/revisions"}],"wp:attachment":[{"href":"https:\/\/legionmagazine.com\/fr\/wp-json\/wp\/v2\/media?parent=155"}],"curies":[{"name":"wp","href":"https:\/\/api.w.org\/{rel}","templated":true}]}}